{"id":9268,"date":"2021-12-21T14:03:25","date_gmt":"2021-12-21T14:03:25","guid":{"rendered":"https:\/\/horizonte-tours.com\/?page_id=9268"},"modified":"2022-03-23T10:07:38","modified_gmt":"2022-03-23T10:07:38","slug":"contacto","status":"publish","type":"page","link":"https:\/\/horizonte-tours.com\/es\/contacto\/","title":{"rendered":"Contacto"},"content":{"rendered":"\t\t<div data-elementor-type=\"wp-page\" data-elementor-id=\"9268\" class=\"elementor elementor-9268\">\n\t\t\t\t        <section class=\"elementor-section elementor-top-section elementor-element elementor-element-ea652c8 elementor-section-stretched elementor-section-boxed elementor-section-height-default elementor-section-height-default ct-header-fixed-none ct-row-max-none\" data-id=\"ea652c8\" data-element_type=\"section\" data-e-type=\"section\" data-settings=\"{&quot;stretch_section&quot;:&quot;section-stretched&quot;,&quot;background_background&quot;:&quot;classic&quot;}\">\n                            <div class=\"elementor-background-overlay\"><\/div>\n                \n                        <div class=\"elementor-container elementor-column-gap-extended \">\n                    <div class=\"elementor-column elementor-col-100 elementor-top-column elementor-element elementor-element-2f3bc02\" data-id=\"2f3bc02\" data-element_type=\"column\" data-e-type=\"column\">\n        <div class=\"elementor-widget-wrap elementor-element-populated\">\n                    \n                <section class=\"elementor-section elementor-inner-section elementor-element elementor-element-a2b846c elementor-section-content-middle elementor-section-boxed elementor-section-height-default elementor-section-height-default ct-header-fixed-none ct-row-max-none\" data-id=\"a2b846c\" data-element_type=\"section\" data-e-type=\"section\">\n            \n                        <div class=\"elementor-container elementor-column-gap-extended \">\n                    <div class=\"elementor-column elementor-col-50 elementor-inner-column elementor-element elementor-element-69606bc\" data-id=\"69606bc\" data-element_type=\"column\" data-e-type=\"column\">\n        <div class=\"elementor-widget-wrap elementor-element-populated\">\n                    \n        \r\n\t\t<div class=\"elementor-element elementor-element-84d95a9 elementor-widget elementor-widget-ct_heading\" data-id=\"84d95a9\" data-element_type=\"widget\" data-e-type=\"widget\" data-widget_type=\"ct_heading.default\">\n\t\t\t\t<div class=\"elementor-widget-container\">\n\t\t\t\t\t<div id=\"ct_heading-84d95a9\" class=\"ct-heading h-align-left sub-style1 ct-heading-left item-st-default\">\r\n    <div class=\"ct-item--inner\">\r\n        <div class=\"ct-inline-css\" data-css=\"\r\n            \">\r\n        <\/div>\r\n                    <div class=\"item--sub-title style1 hide-line\">\r\n                                                                \u00bfTienes alguna duda?                                                                            <\/div>\r\n                <h3 class=\"item--title st-default case-animate-time\" data-wow-delay=\"ms\">\r\n                        <span class=\"sp-main\">\r\n                \r\n                \u00a1Cont\u00e1ctanos!\r\n                \r\n                            <\/span>\r\n                    <\/h3>\r\n    <\/div>\r\n<\/div>\t\t\t\t<\/div>\n\t\t\t\t<\/div>\n\t\t            <\/div>\n        <\/div>\n                <div class=\"elementor-column elementor-col-50 elementor-inner-column elementor-element elementor-element-0d4b7fc\" data-id=\"0d4b7fc\" data-element_type=\"column\" data-e-type=\"column\">\n        <div class=\"elementor-widget-wrap elementor-element-populated\">\n                    \n                    <\/div>\n        <\/div>\n                    <\/div>\n        <\/section>\n                <section class=\"elementor-section elementor-inner-section elementor-element elementor-element-baa3197 elementor-section-boxed elementor-section-height-default elementor-section-height-default ct-header-fixed-none ct-row-max-none\" data-id=\"baa3197\" data-element_type=\"section\" data-e-type=\"section\">\n            \n                        <div class=\"elementor-container elementor-column-gap-extended \">\n                    <div class=\"elementor-column elementor-col-50 elementor-inner-column elementor-element elementor-element-7d07039\" data-id=\"7d07039\" data-element_type=\"column\" data-e-type=\"column\">\n        <div class=\"elementor-widget-wrap elementor-element-populated\">\n                    \n        \t\t<div class=\"elementor-element elementor-element-205da09 elementor-widget elementor-widget-ct_fancy_box\" data-id=\"205da09\" data-element_type=\"widget\" data-e-type=\"widget\" data-widget_type=\"ct_fancy_box.default\">\n\t\t\t\t<div class=\"elementor-widget-container\">\n\t\t\t\t\t<div class=\"ct-fancy-box ct-fancy-box-layout3 style1 wow fadeInUp\" data-wow-delay=\"ms\">\r\n            <div class=\"item--icon\">\r\n            <i aria-hidden=\"true\" class=\"fas fa-phone-alt\"><\/i>        <\/div>\r\n            <div class=\"item--holder\">\r\n        <h3 class=\"item--title\">\r\n            Ll\u00e1manos:        <\/h3>\r\n        <div class=\"item--description\"><a href=\"tel:+5493874525864\">+54 9387 4525864<\/a><br>\n<a href=\"tel:+34661084410\">+34 661084410<\/a><br>\n<a href=\"tel:+491786958636\">+49 (0)178 6958636<\/a><\/div>\r\n    <\/div>\r\n<\/div>\t\t\t\t<\/div>\n\t\t\t\t<\/div>\n\t\t\t\t<div class=\"elementor-element elementor-element-271c942 elementor-widget elementor-widget-ct_fancy_box\" data-id=\"271c942\" data-element_type=\"widget\" data-e-type=\"widget\" data-widget_type=\"ct_fancy_box.default\">\n\t\t\t\t<div class=\"elementor-widget-container\">\n\t\t\t\t\t<div class=\"ct-fancy-box ct-fancy-box-layout3 style1 wow fadeInUp\" data-wow-delay=\"ms\">\r\n            <div class=\"item--icon\">\r\n            <i aria-hidden=\"true\" class=\"fas fa-envelope\"><\/i>        <\/div>\r\n            <div class=\"item--holder\">\r\n        <h3 class=\"item--title\">\r\n            Env\u00edanos un mail:        <\/h3>\r\n        <div class=\"item--description\"><a href=\"mailto:info@horizonte-tours.com\">info@horizonte-tours.com<\/a><\/div>\r\n    <\/div>\r\n<\/div>\t\t\t\t<\/div>\n\t\t\t\t<\/div>\n\t\t\t\t<div class=\"elementor-element elementor-element-122a35a elementor-widget elementor-widget-ct_fancy_box\" data-id=\"122a35a\" data-element_type=\"widget\" data-e-type=\"widget\" data-widget_type=\"ct_fancy_box.default\">\n\t\t\t\t<div class=\"elementor-widget-container\">\n\t\t\t\t\t<div class=\"ct-fancy-box ct-fancy-box-layout3 style1 wow fadeInUp\" data-wow-delay=\"ms\">\r\n            <div class=\"item--icon\">\r\n            <i aria-hidden=\"true\" class=\"fas fa-map-marker-alt\"><\/i>        <\/div>\r\n            <div class=\"item--holder\">\r\n        <h3 class=\"item--title\">\r\n            Nuestra oficina central:        <\/h3>\r\n        <div class=\"item--description\">Gauchos de G\u00fcemes, s\/n\n<br>4401 Vaqueros, Salta, Argentina<\/div>\r\n    <\/div>\r\n<\/div>\t\t\t\t<\/div>\n\t\t\t\t<\/div>\n\t\t            <\/div>\n        <\/div>\n                <div class=\"elementor-column elementor-col-50 elementor-inner-column elementor-element elementor-element-e9265bd\" data-id=\"e9265bd\" data-element_type=\"column\" data-e-type=\"column\">\n        <div class=\"elementor-widget-wrap elementor-element-populated\">\n                    \n        \t\t<div class=\"elementor-element elementor-element-4d79e30 elementor-widget elementor-widget-ct_ctf7\" data-id=\"4d79e30\" data-element_type=\"widget\" data-e-type=\"widget\" data-widget_type=\"ct_ctf7.default\">\n\t\t\t\t<div class=\"elementor-widget-container\">\n\t\t\t\t\t    <div class=\"ct-contact-form-layout1 style3 \">\r\n                <div class=\"ct-contact-form-inner\">\r\n        \t            <div class=\"ct-contact-form\">\r\n                \n<div class=\"wpcf7 no-js\" id=\"wpcf7-f8566-o1\" lang=\"en-US\" dir=\"ltr\" data-wpcf7-id=\"8566\">\n<div class=\"screen-reader-response\"><p role=\"status\" aria-live=\"polite\" aria-atomic=\"true\"><\/p> <ul><\/ul><\/div>\n<form action=\"\/es\/wp-json\/wp\/v2\/pages\/9268#wpcf7-f8566-o1\" method=\"post\" class=\"wpcf7-form init\" aria-label=\"Contact form\" novalidate=\"novalidate\" data-status=\"init\">\n<fieldset class=\"hidden-fields-container\"><input type=\"hidden\" name=\"_wpcf7\" value=\"8566\" \/><input type=\"hidden\" name=\"_wpcf7_version\" value=\"6.1.5\" \/><input type=\"hidden\" name=\"_wpcf7_locale\" value=\"en_US\" \/><input type=\"hidden\" name=\"_wpcf7_unit_tag\" value=\"wpcf7-f8566-o1\" \/><input type=\"hidden\" name=\"_wpcf7_container_post\" value=\"0\" \/><input type=\"hidden\" name=\"_wpcf7_posted_data_hash\" value=\"\" \/><input type=\"hidden\" name=\"_wpcf7cf_hidden_group_fields\" value=\"[]\" \/><input type=\"hidden\" name=\"_wpcf7cf_hidden_groups\" value=\"[]\" \/><input type=\"hidden\" name=\"_wpcf7cf_visible_groups\" value=\"[]\" \/><input type=\"hidden\" name=\"_wpcf7cf_repeaters\" value=\"[]\" \/><input type=\"hidden\" name=\"_wpcf7cf_steps\" value=\"{}\" \/><input type=\"hidden\" name=\"_wpcf7cf_options\" value=\"{&quot;form_id&quot;:8566,&quot;conditions&quot;:[],&quot;settings&quot;:{&quot;animation&quot;:&quot;yes&quot;,&quot;animation_intime&quot;:200,&quot;animation_outtime&quot;:200,&quot;conditions_ui&quot;:&quot;normal&quot;,&quot;notice_dismissed&quot;:false,&quot;notice_dismissed_rollback-cf7-5.8&quot;:true,&quot;notice_dismissed_rollback-cf7-5.9.3&quot;:true,&quot;notice_dismissed_update-cf7-6.1.1&quot;:true}}\" \/><input type=\"hidden\" name=\"_wpcf7_recaptcha_response\" value=\"\" \/>\n<\/fieldset>\n<div class=\"row\">\n\t<div class=\"input-filled col-lg-6 col-md-6\">\n\t\t<p><span class=\"wpcf7-form-control-wrap\" data-name=\"first-name\"><input size=\"40\" maxlength=\"400\" class=\"wpcf7-form-control wpcf7-text wpcf7-validates-as-required\" aria-required=\"true\" aria-invalid=\"false\" placeholder=\"Nombre *\" value=\"\" type=\"text\" name=\"first-name\" \/><\/span>\n\t\t<\/p>\n\t<\/div>\n\t<div class=\"input-filled col-lg-6 col-md-6\">\n\t\t<p><span class=\"wpcf7-form-control-wrap\" data-name=\"last-name\"><input size=\"40\" maxlength=\"400\" class=\"wpcf7-form-control wpcf7-text wpcf7-validates-as-required\" aria-required=\"true\" aria-invalid=\"false\" placeholder=\"Apellido *\" value=\"\" type=\"text\" name=\"last-name\" \/><\/span>\n\t\t<\/p>\n\t<\/div>\n<\/div>\n<div class=\"row\">\n\t<div class=\"input-filled col-lg-6 col-md-6\">\n\t\t<p><span class=\"wpcf7-form-control-wrap\" data-name=\"your-email\"><input size=\"40\" maxlength=\"400\" class=\"wpcf7-form-control wpcf7-email wpcf7-validates-as-required wpcf7-text wpcf7-validates-as-email\" aria-required=\"true\" aria-invalid=\"false\" placeholder=\"Email *\" value=\"\" type=\"email\" name=\"your-email\" \/><\/span>\n\t\t<\/p>\n\t<\/div>\n\t<div class=\"input-filled col-lg-6 col-md-6\">\n\t\t<p><span class=\"wpcf7-form-control-wrap\" data-name=\"your-phone\"><input size=\"40\" maxlength=\"400\" class=\"wpcf7-form-control wpcf7-text wpcf7-validates-as-required\" aria-required=\"true\" aria-invalid=\"false\" placeholder=\"Tel\u00e9fono *\" value=\"\" type=\"text\" name=\"your-phone\" \/><\/span>\n\t\t<\/p>\n\t<\/div>\n<\/div>\n<div class=\"input-filled col-12\">\n\t<p><span class=\"wpcf7-form-control-wrap\" data-name=\"your-message\"><textarea cols=\"40\" rows=\"10\" maxlength=\"2000\" class=\"wpcf7-form-control wpcf7-textarea\" aria-invalid=\"false\" placeholder=\"Mensaje...\" name=\"your-message\"><\/textarea><\/span>\n\t<\/p>\n<\/div>\n<div class=\"input-filled col-12\">\n\t<p><span class=\"wpcf7-form-control-wrap\" data-name=\"acceptance-conditions\"><span class=\"wpcf7-form-control wpcf7-acceptance\"><span class=\"wpcf7-list-item\"><label><input type=\"checkbox\" name=\"acceptance-conditions\" value=\"1\" aria-invalid=\"false\" \/><span class=\"wpcf7-list-item-label\">Acepto la <a href=\"\/privacy-policy\/\" target=\"_blank\">Pol\u00edtica de Privacidad<\/a> de Horizonte Tours<\/span><\/label><\/span><\/span><\/span>\n\t<\/p>\n<\/div>\n<div class=\"input-filled col-12\">\n\t<p><span class=\"wpcf7-form-control-wrap\" data-name=\"acceptance-news\"><span class=\"wpcf7-form-control wpcf7-acceptance optional\"><span class=\"wpcf7-list-item\"><label><input type=\"checkbox\" name=\"acceptance-news\" value=\"1\" checked=\"checked\" aria-invalid=\"false\" \/><span class=\"wpcf7-list-item-label\">Quiero recibir noticias de Horizonte Tours<\/span><\/label><\/span><\/span><\/span>\n\t<\/p>\n<\/div>\n<div class=\"row\">\n\t<div class=\"input-filled col-12\">\n\t\t<p><button type=\"submit\" class=\"wpcf7-submit btn btn-block hover-white\"><i class=\"fac fac-arrow-circle-right space-right\"><\/i>Enviar<\/button>\n\t\t<\/p>\n\t<\/div>\n<\/div><div class=\"wpcf7-response-output\" aria-hidden=\"true\"><\/div>\n<\/form>\n<\/div>\n            <\/div>\r\n        <\/div>\r\n            <\/div>\r\n\t\t\t\t<\/div>\n\t\t\t\t<\/div>\n\t\t            <\/div>\n        <\/div>\n                    <\/div>\n        <\/section>\n                    <\/div>\n        <\/div>\n                    <\/div>\n        <\/section>\n        \t\t<\/div>\n\t\t","protected":false},"excerpt":{"rendered":"<p>\u00bfTienes alguna duda? \u00a1Cont\u00e1ctanos! Ll\u00e1manos: +54 9387 4525864 +34 661084410 +49 (0)178 6958636 Env\u00edanos un mail: info@horizonte-tours.com Nuestra oficina central: Gauchos de G\u00fcemes, s\/n 4401 Vaqueros, Salta, Argentina Acepto la Pol\u00edtica de Privacidad de Horizonte Tours Quiero recibir noticias de Horizonte Tours Enviar<\/p>\n","protected":false},"author":1,"featured_media":0,"parent":0,"menu_order":0,"comment_status":"closed","ping_status":"closed","template":"","meta":{"footnotes":""},"class_list":["post-9268","page","type-page","status-publish","hentry"],"yoast_head":"<!-- This site is optimized with the Yoast SEO plugin v27.1.1 - https:\/\/yoast.com\/product\/yoast-seo-wordpress\/ -->\n<title>\u00bfTienes dudas? \u00a1Cont\u00e1ctanos! | Horizonte Tours<\/title>\n<meta name=\"description\" content=\"\u00bfQuieres m\u00e1s informaci\u00f3n sobre alguno de nuestros Tours? \u00a1Cont\u00e1ctanos! Estamos encantados de resolver todas tus dudas. Te estamos esperando | Viajes en Moto Horizonte Tours\" \/>\n<meta name=\"robots\" content=\"index, follow, max-snippet:-1, max-image-preview:large, max-video-preview:-1\" \/>\n<link rel=\"canonical\" href=\"https:\/\/horizonte-tours.com\/contact-us\/\" \/>\n<meta property=\"og:locale\" content=\"es_ES\" \/>\n<meta property=\"og:type\" content=\"article\" \/>\n<meta property=\"og:title\" content=\"\u00bfTienes dudas? \u00a1Cont\u00e1ctanos! | Horizonte Tours\" \/>\n<meta property=\"og:description\" content=\"\u00bfQuieres m\u00e1s informaci\u00f3n sobre alguno de nuestros Tours? \u00a1Cont\u00e1ctanos! Estamos encantados de resolver todas tus dudas. Te estamos esperando | Viajes en Moto Horizonte Tours\" \/>\n<meta property=\"og:url\" content=\"https:\/\/horizonte-tours.com\/contact-us\/\" \/>\n<meta property=\"og:site_name\" content=\"Horizonte Tours\" \/>\n<meta property=\"article:modified_time\" content=\"2022-03-23T10:07:38+00:00\" \/>\n<meta name=\"twitter:card\" content=\"summary_large_image\" \/>\n<meta name=\"twitter:label1\" content=\"Tiempo de lectura\" \/>\n\t<meta name=\"twitter:data1\" content=\"1 minuto\" \/>\n<script type=\"application\/ld+json\" class=\"yoast-schema-graph\">{\"@context\":\"https:\/\/schema.org\",\"@graph\":[{\"@type\":\"WebPage\",\"@id\":\"https:\/\/horizonte-tours.com\/contact-us\/\",\"url\":\"https:\/\/horizonte-tours.com\/contact-us\/\",\"name\":\"\u00bfTienes dudas? \u00a1Cont\u00e1ctanos! | Horizonte Tours\",\"isPartOf\":{\"@id\":\"https:\/\/horizonte-tours.com\/#website\"},\"datePublished\":\"2021-12-21T14:03:25+00:00\",\"dateModified\":\"2022-03-23T10:07:38+00:00\",\"description\":\"\u00bfQuieres m\u00e1s informaci\u00f3n sobre alguno de nuestros Tours? \u00a1Cont\u00e1ctanos! Estamos encantados de resolver todas tus dudas. Te estamos esperando | Viajes en Moto Horizonte Tours\",\"breadcrumb\":{\"@id\":\"https:\/\/horizonte-tours.com\/contact-us\/#breadcrumb\"},\"inLanguage\":\"es\",\"potentialAction\":[{\"@type\":\"ReadAction\",\"target\":[\"https:\/\/horizonte-tours.com\/contact-us\/\"]}]},{\"@type\":\"BreadcrumbList\",\"@id\":\"https:\/\/horizonte-tours.com\/contact-us\/#breadcrumb\",\"itemListElement\":[{\"@type\":\"ListItem\",\"position\":1,\"name\":\"Home\",\"item\":\"https:\/\/horizonte-tours.com\/es\/\"},{\"@type\":\"ListItem\",\"position\":2,\"name\":\"Contacto\"}]},{\"@type\":\"WebSite\",\"@id\":\"https:\/\/horizonte-tours.com\/#website\",\"url\":\"https:\/\/horizonte-tours.com\/\",\"name\":\"Horizonte Tours\",\"description\":\"\",\"publisher\":{\"@id\":\"https:\/\/horizonte-tours.com\/#organization\"},\"potentialAction\":[{\"@type\":\"SearchAction\",\"target\":{\"@type\":\"EntryPoint\",\"urlTemplate\":\"https:\/\/horizonte-tours.com\/?s={search_term_string}\"},\"query-input\":{\"@type\":\"PropertyValueSpecification\",\"valueRequired\":true,\"valueName\":\"search_term_string\"}}],\"inLanguage\":\"es\"},{\"@type\":\"Organization\",\"@id\":\"https:\/\/horizonte-tours.com\/#organization\",\"name\":\"Horizonte Tours\",\"url\":\"https:\/\/horizonte-tours.com\/\",\"logo\":{\"@type\":\"ImageObject\",\"inLanguage\":\"es\",\"@id\":\"https:\/\/horizonte-tours.com\/#\/schema\/logo\/image\/\",\"url\":\"https:\/\/horizonte-tours.com\/wp-content\/uploads\/2021\/08\/logo_horizonte_tours_dark.png\",\"contentUrl\":\"https:\/\/horizonte-tours.com\/wp-content\/uploads\/2021\/08\/logo_horizonte_tours_dark.png\",\"width\":771,\"height\":297,\"caption\":\"Horizonte Tours\"},\"image\":{\"@id\":\"https:\/\/horizonte-tours.com\/#\/schema\/logo\/image\/\"}}]}<\/script>\n<!-- \/ Yoast SEO plugin. -->","yoast_head_json":{"title":"\u00bfTienes dudas? \u00a1Cont\u00e1ctanos! | Horizonte Tours","description":"\u00bfQuieres m\u00e1s informaci\u00f3n sobre alguno de nuestros Tours? \u00a1Cont\u00e1ctanos! Estamos encantados de resolver todas tus dudas. Te estamos esperando | Viajes en Moto Horizonte Tours","robots":{"index":"index","follow":"follow","max-snippet":"max-snippet:-1","max-image-preview":"max-image-preview:large","max-video-preview":"max-video-preview:-1"},"canonical":"https:\/\/horizonte-tours.com\/contact-us\/","og_locale":"es_ES","og_type":"article","og_title":"\u00bfTienes dudas? \u00a1Cont\u00e1ctanos! | Horizonte Tours","og_description":"\u00bfQuieres m\u00e1s informaci\u00f3n sobre alguno de nuestros Tours? \u00a1Cont\u00e1ctanos! Estamos encantados de resolver todas tus dudas. Te estamos esperando | Viajes en Moto Horizonte Tours","og_url":"https:\/\/horizonte-tours.com\/contact-us\/","og_site_name":"Horizonte Tours","article_modified_time":"2022-03-23T10:07:38+00:00","twitter_card":"summary_large_image","twitter_misc":{"Tiempo de lectura":"1 minuto"},"schema":{"@context":"https:\/\/schema.org","@graph":[{"@type":"WebPage","@id":"https:\/\/horizonte-tours.com\/contact-us\/","url":"https:\/\/horizonte-tours.com\/contact-us\/","name":"\u00bfTienes dudas? \u00a1Cont\u00e1ctanos! | Horizonte Tours","isPartOf":{"@id":"https:\/\/horizonte-tours.com\/#website"},"datePublished":"2021-12-21T14:03:25+00:00","dateModified":"2022-03-23T10:07:38+00:00","description":"\u00bfQuieres m\u00e1s informaci\u00f3n sobre alguno de nuestros Tours? \u00a1Cont\u00e1ctanos! Estamos encantados de resolver todas tus dudas. Te estamos esperando | Viajes en Moto Horizonte Tours","breadcrumb":{"@id":"https:\/\/horizonte-tours.com\/contact-us\/#breadcrumb"},"inLanguage":"es","potentialAction":[{"@type":"ReadAction","target":["https:\/\/horizonte-tours.com\/contact-us\/"]}]},{"@type":"BreadcrumbList","@id":"https:\/\/horizonte-tours.com\/contact-us\/#breadcrumb","itemListElement":[{"@type":"ListItem","position":1,"name":"Home","item":"https:\/\/horizonte-tours.com\/es\/"},{"@type":"ListItem","position":2,"name":"Contacto"}]},{"@type":"WebSite","@id":"https:\/\/horizonte-tours.com\/#website","url":"https:\/\/horizonte-tours.com\/","name":"Horizonte Tours","description":"","publisher":{"@id":"https:\/\/horizonte-tours.com\/#organization"},"potentialAction":[{"@type":"SearchAction","target":{"@type":"EntryPoint","urlTemplate":"https:\/\/horizonte-tours.com\/?s={search_term_string}"},"query-input":{"@type":"PropertyValueSpecification","valueRequired":true,"valueName":"search_term_string"}}],"inLanguage":"es"},{"@type":"Organization","@id":"https:\/\/horizonte-tours.com\/#organization","name":"Horizonte Tours","url":"https:\/\/horizonte-tours.com\/","logo":{"@type":"ImageObject","inLanguage":"es","@id":"https:\/\/horizonte-tours.com\/#\/schema\/logo\/image\/","url":"https:\/\/horizonte-tours.com\/wp-content\/uploads\/2021\/08\/logo_horizonte_tours_dark.png","contentUrl":"https:\/\/horizonte-tours.com\/wp-content\/uploads\/2021\/08\/logo_horizonte_tours_dark.png","width":771,"height":297,"caption":"Horizonte Tours"},"image":{"@id":"https:\/\/horizonte-tours.com\/#\/schema\/logo\/image\/"}}]}},"_links":{"self":[{"href":"https:\/\/horizonte-tours.com\/es\/wp-json\/wp\/v2\/pages\/9268","targetHints":{"allow":["GET"]}}],"collection":[{"href":"https:\/\/horizonte-tours.com\/es\/wp-json\/wp\/v2\/pages"}],"about":[{"href":"https:\/\/horizonte-tours.com\/es\/wp-json\/wp\/v2\/types\/page"}],"author":[{"embeddable":true,"href":"https:\/\/horizonte-tours.com\/es\/wp-json\/wp\/v2\/users\/1"}],"replies":[{"embeddable":true,"href":"https:\/\/horizonte-tours.com\/es\/wp-json\/wp\/v2\/comments?post=9268"}],"version-history":[{"count":0,"href":"https:\/\/horizonte-tours.com\/es\/wp-json\/wp\/v2\/pages\/9268\/revisions"}],"wp:attachment":[{"href":"https:\/\/horizonte-tours.com\/es\/wp-json\/wp\/v2\/media?parent=9268"}],"curies":[{"name":"wp","href":"https:\/\/api.w.org\/{rel}","templated":true}]}}