
{"id":9291,"date":"2021-12-21T14:23:18","date_gmt":"2021-12-21T14:23:18","guid":{"rendered":"https:\/\/horizonte-tours.com\/?page_id=9291"},"modified":"2022-04-04T09:01:19","modified_gmt":"2022-04-04T09:01:19","slug":"cookies-politik","status":"publish","type":"page","link":"https:\/\/horizonte-tours.com\/de\/cookies-politik\/","title":{"rendered":"Cookies"},"content":{"rendered":"\t\t<div data-elementor-type=\"wp-page\" data-elementor-id=\"9291\" class=\"elementor elementor-9291\">\n\t\t\t\t        <section class=\"elementor-section elementor-top-section elementor-element elementor-element-fabef0f elementor-section-boxed elementor-section-height-default elementor-section-height-default ct-header-fixed-none ct-row-max-none\" data-id=\"fabef0f\" data-element_type=\"section\" data-e-type=\"section\">\n            \n                        <div class=\"elementor-container elementor-column-gap-default \">\n                    <div class=\"elementor-column elementor-col-100 elementor-top-column elementor-element elementor-element-2ebdc29\" data-id=\"2ebdc29\" data-element_type=\"column\" data-e-type=\"column\">\n        <div class=\"elementor-widget-wrap elementor-element-populated\">\n                    \n        \t\t<div class=\"elementor-element elementor-element-a9bb2ef elementor-widget elementor-widget-text-editor\" data-id=\"a9bb2ef\" data-element_type=\"widget\" data-e-type=\"widget\" data-widget_type=\"text-editor.default\">\n\t\t\t\t<div class=\"elementor-widget-container\">\n\t\t\t\t\t\t\t\t\t<p><span style=\"font-weight: 400;\">Horizonte Tours informa acerca del uso de las cookies en sus p\u00e1ginas web.<\/span><\/p><p><span style=\"font-weight: 400;\">Las cookies son archivos que se pueden descargar en su equipo a trav\u00e9s de las p\u00e1ginas web. Son herramientas que tienen un papel esencial para la prestaci\u00f3n de numerosos servicios de la sociedad de la informaci\u00f3n. Entre otros, permiten a una p\u00e1gina web almacenar y recuperar informaci\u00f3n sobre los h\u00e1bitos de navegaci\u00f3n de un usuario o de su equipo y, dependiendo de la informaci\u00f3n obtenida, se pueden utilizar para reconocer al usuario y mejorar el servicio ofrecido.<\/span><\/p><h2><span style=\"font-weight: 400;\">Tipos de cookies<\/span><\/h2><p><span style=\"font-weight: 400;\">Seg\u00fan quien sea la entidad que gestione el dominio desde donde se env\u00edan las cookies y trate los datos que se obtengan se pueden distinguir dos tipos: cookies propias y cookies de terceros . Existe tambi\u00e9n una segunda clasificaci\u00f3n seg\u00fan el plazo de tiempo que permanecen almacenadas en el navegador del cliente, pudiendo tratarse de cookies de sesi\u00f3n o cookies persistentes . Por \u00faltimo, existe otra clasificaci\u00f3n con cinco tipos de cookies seg\u00fan la finalidad para la que se traten los datos obtenidos: cookies t\u00e9cnicas, cookies de personalizaci\u00f3n, cookies de an\u00e1lisis, cookies publicitarias y cookies de publicidad comportamental . Para m\u00e1s informaci\u00f3n a este respecto puede consultar la Gu\u00eda sobre el uso de las cookies de la Agencia Espa\u00f1ola de Protecci\u00f3n de Datos<\/span><\/p><h2><span style=\"font-weight: 400;\">Cookies utilizadas en la web<\/span><\/h2><p><span style=\"font-weight: 400;\">A continuaci\u00f3n se identifican las cookies que est\u00e1n siendo utilizadas en este portal as\u00ed como su tipolog\u00eda y funci\u00f3n: La p\u00e1gina web de Horizonte Tours utiliza Google Analytics, un servicio de anal\u00edtica web desarrollada por Google, que permite la medici\u00f3n y an\u00e1lisis de la navegaci\u00f3n en las p\u00e1ginas web. Puede encontrar m\u00e1s informaci\u00f3n al respecto e inhabilitar el uso de estas cookies en esta p\u00e1gina. A trav\u00e9s de la anal\u00edtica web se obtiene informaci\u00f3n relativa al n\u00famero de usuarios que acceden a la web, el n\u00famero de p\u00e1ginas vistas, la frecuencia y repetici\u00f3n de las visitas, su duraci\u00f3n, el navegador utilizado, el operador que presta el servicio, el idioma, el terminal que utiliza, o la ciudad a la que est\u00e1 asignada su direcci\u00f3n IP. Informaci\u00f3n que posibilita un mejor y m\u00e1s apropiado servicio por parte de este portal.<\/span><\/p><h2><span style=\"font-weight: 400;\">Aceptaci\u00f3n de la Pol\u00edtica de cookies<\/span><\/h2><p><span style=\"font-weight: 400;\">Horizonte Tours asume que usted acepta el uso de cookies. No obstante, muestra informaci\u00f3n sobre su Pol\u00edtica de cookies en la parte inferior de cualquier p\u00e1gina del portal con cada inicio de sesi\u00f3n con el objeto de que usted sea consciente.<\/span><\/p><h2><span style=\"font-weight: 400;\">C\u00f3mo modificar la configuraci\u00f3n de las cookies<\/span><\/h2><p><span style=\"font-weight: 400;\">Usted puede restringir, bloquear o borrar las cookies de Horizonte Tours o cualquier otra p\u00e1gina web, utilizando su navegador. En cada navegador la operativa es diferente, la funci\u00f3n de &#8216;Ayuda&#8221; le mostrar\u00e1 c\u00f3mo hacerlo.<\/span><\/p><p><a href=\"http:\/\/windows.microsoft.com\/es-xl\/internet-explorer\/delete-manage-cookies#ie=ie-10\"><span style=\"font-weight: 400;\">Internet Explorer<\/span><\/a><\/p><p><a href=\"https:\/\/support.mozilla.org\/es\/kb\/Borrar%20cookies\"><span style=\"font-weight: 400;\">FireFox<\/span><\/a><\/p><p><a href=\"https:\/\/support.google.com\/accounts\/answer\/61416?hl=es\"><span style=\"font-weight: 400;\">Chrome<\/span><\/a><\/p><p><a href=\"http:\/\/www.apple.com\/es\/privacy\/use-of-cookies\/\"><span style=\"font-weight: 400;\">Safari<\/span><\/a><\/p><p><span style=\"font-weight: 400;\">Adem\u00e1s, tambi\u00e9n puede gestionar el almac\u00e9n de cookies en su navegador a trav\u00e9s de herramientas como las siguientes:<\/span><\/p><p><a href=\"http:\/\/www.ghostery.com\/\"><span style=\"font-weight: 400;\">Ghostery<\/span><\/a><\/p><p><a href=\"http:\/\/www.youronlinechoices.com\/es\/\"><span style=\"font-weight: 400;\">Your online choices<\/span><\/a><\/p>\t\t\t\t\t\t\t\t<\/div>\n\t\t\t\t<\/div>\n\t\t            <\/div>\n        <\/div>\n                    <\/div>\n        <\/section>\n        \t\t<\/div>\n\t\t","protected":false},"excerpt":{"rendered":"<p>Horizonte Tours informa acerca del uso de las cookies en sus p\u00e1ginas web. Las cookies son archivos que se pueden descargar en su equipo a trav\u00e9s de las p\u00e1ginas web. Son herramientas que tienen un papel esencial para la prestaci\u00f3n de numerosos servicios de la sociedad de la informaci\u00f3n. Entre otros, permiten a una p\u00e1gina [&hellip;]<\/p>\n","protected":false},"author":1,"featured_media":0,"parent":0,"menu_order":0,"comment_status":"closed","ping_status":"closed","template":"","meta":{"footnotes":""},"class_list":["post-9291","page","type-page","status-publish","hentry"],"yoast_head":"<!-- This site is optimized with the Yoast SEO plugin v27.1.1 - https:\/\/yoast.com\/product\/yoast-seo-wordpress\/ -->\n<title>Cookies - Horizonte Tours<\/title>\n<meta name=\"robots\" content=\"index, follow, max-snippet:-1, max-image-preview:large, max-video-preview:-1\" \/>\n<link rel=\"canonical\" href=\"https:\/\/horizonte-tours.com\/de\/cookies-politik\/\" \/>\n<meta property=\"og:locale\" content=\"de_DE\" \/>\n<meta property=\"og:type\" content=\"article\" \/>\n<meta property=\"og:title\" content=\"Cookies - Horizonte Tours\" \/>\n<meta property=\"og:description\" content=\"Horizonte Tours informa acerca del uso de las cookies en sus p\u00e1ginas web. Las cookies son archivos que se pueden descargar en su equipo a trav\u00e9s de las p\u00e1ginas web. Son herramientas que tienen un papel esencial para la prestaci\u00f3n de numerosos servicios de la sociedad de la informaci\u00f3n. Entre otros, permiten a una p\u00e1gina [&hellip;]\" \/>\n<meta property=\"og:url\" content=\"https:\/\/horizonte-tours.com\/de\/cookies-politik\/\" \/>\n<meta property=\"og:site_name\" content=\"Horizonte Tours\" \/>\n<meta property=\"article:modified_time\" content=\"2022-04-04T09:01:19+00:00\" \/>\n<meta name=\"twitter:card\" content=\"summary_large_image\" \/>\n<meta name=\"twitter:label1\" content=\"Gesch\u00e4tzte Lesezeit\" \/>\n\t<meta name=\"twitter:data1\" content=\"3\u00a0Minuten\" \/>\n<script type=\"application\/ld+json\" class=\"yoast-schema-graph\">{\"@context\":\"https:\/\/schema.org\",\"@graph\":[{\"@type\":\"WebPage\",\"@id\":\"https:\/\/horizonte-tours.com\/de\/cookies-politik\/\",\"url\":\"https:\/\/horizonte-tours.com\/de\/cookies-politik\/\",\"name\":\"Cookies - Horizonte Tours\",\"isPartOf\":{\"@id\":\"https:\/\/horizonte-tours.com\/#website\"},\"datePublished\":\"2021-12-21T14:23:18+00:00\",\"dateModified\":\"2022-04-04T09:01:19+00:00\",\"breadcrumb\":{\"@id\":\"https:\/\/horizonte-tours.com\/de\/cookies-politik\/#breadcrumb\"},\"inLanguage\":\"de\",\"potentialAction\":[{\"@type\":\"ReadAction\",\"target\":[\"https:\/\/horizonte-tours.com\/de\/cookies-politik\/\"]}]},{\"@type\":\"BreadcrumbList\",\"@id\":\"https:\/\/horizonte-tours.com\/de\/cookies-politik\/#breadcrumb\",\"itemListElement\":[{\"@type\":\"ListItem\",\"position\":1,\"name\":\"Home\",\"item\":\"https:\/\/horizonte-tours.com\/de\/\"},{\"@type\":\"ListItem\",\"position\":2,\"name\":\"Cookies\"}]},{\"@type\":\"WebSite\",\"@id\":\"https:\/\/horizonte-tours.com\/#website\",\"url\":\"https:\/\/horizonte-tours.com\/\",\"name\":\"Horizonte Tours\",\"description\":\"\",\"publisher\":{\"@id\":\"https:\/\/horizonte-tours.com\/#organization\"},\"potentialAction\":[{\"@type\":\"SearchAction\",\"target\":{\"@type\":\"EntryPoint\",\"urlTemplate\":\"https:\/\/horizonte-tours.com\/?s={search_term_string}\"},\"query-input\":{\"@type\":\"PropertyValueSpecification\",\"valueRequired\":true,\"valueName\":\"search_term_string\"}}],\"inLanguage\":\"de\"},{\"@type\":\"Organization\",\"@id\":\"https:\/\/horizonte-tours.com\/#organization\",\"name\":\"Horizonte Tours\",\"url\":\"https:\/\/horizonte-tours.com\/\",\"logo\":{\"@type\":\"ImageObject\",\"inLanguage\":\"de\",\"@id\":\"https:\/\/horizonte-tours.com\/#\/schema\/logo\/image\/\",\"url\":\"https:\/\/horizonte-tours.com\/wp-content\/uploads\/2021\/08\/logo_horizonte_tours_dark.png\",\"contentUrl\":\"https:\/\/horizonte-tours.com\/wp-content\/uploads\/2021\/08\/logo_horizonte_tours_dark.png\",\"width\":771,\"height\":297,\"caption\":\"Horizonte Tours\"},\"image\":{\"@id\":\"https:\/\/horizonte-tours.com\/#\/schema\/logo\/image\/\"}}]}<\/script>\n<!-- \/ Yoast SEO plugin. -->","yoast_head_json":{"title":"Cookies - Horizonte Tours","robots":{"index":"index","follow":"follow","max-snippet":"max-snippet:-1","max-image-preview":"max-image-preview:large","max-video-preview":"max-video-preview:-1"},"canonical":"https:\/\/horizonte-tours.com\/de\/cookies-politik\/","og_locale":"de_DE","og_type":"article","og_title":"Cookies - Horizonte Tours","og_description":"Horizonte Tours informa acerca del uso de las cookies en sus p\u00e1ginas web. Las cookies son archivos que se pueden descargar en su equipo a trav\u00e9s de las p\u00e1ginas web. Son herramientas que tienen un papel esencial para la prestaci\u00f3n de numerosos servicios de la sociedad de la informaci\u00f3n. Entre otros, permiten a una p\u00e1gina [&hellip;]","og_url":"https:\/\/horizonte-tours.com\/de\/cookies-politik\/","og_site_name":"Horizonte Tours","article_modified_time":"2022-04-04T09:01:19+00:00","twitter_card":"summary_large_image","twitter_misc":{"Gesch\u00e4tzte Lesezeit":"3\u00a0Minuten"},"schema":{"@context":"https:\/\/schema.org","@graph":[{"@type":"WebPage","@id":"https:\/\/horizonte-tours.com\/de\/cookies-politik\/","url":"https:\/\/horizonte-tours.com\/de\/cookies-politik\/","name":"Cookies - Horizonte Tours","isPartOf":{"@id":"https:\/\/horizonte-tours.com\/#website"},"datePublished":"2021-12-21T14:23:18+00:00","dateModified":"2022-04-04T09:01:19+00:00","breadcrumb":{"@id":"https:\/\/horizonte-tours.com\/de\/cookies-politik\/#breadcrumb"},"inLanguage":"de","potentialAction":[{"@type":"ReadAction","target":["https:\/\/horizonte-tours.com\/de\/cookies-politik\/"]}]},{"@type":"BreadcrumbList","@id":"https:\/\/horizonte-tours.com\/de\/cookies-politik\/#breadcrumb","itemListElement":[{"@type":"ListItem","position":1,"name":"Home","item":"https:\/\/horizonte-tours.com\/de\/"},{"@type":"ListItem","position":2,"name":"Cookies"}]},{"@type":"WebSite","@id":"https:\/\/horizonte-tours.com\/#website","url":"https:\/\/horizonte-tours.com\/","name":"Horizonte Tours","description":"","publisher":{"@id":"https:\/\/horizonte-tours.com\/#organization"},"potentialAction":[{"@type":"SearchAction","target":{"@type":"EntryPoint","urlTemplate":"https:\/\/horizonte-tours.com\/?s={search_term_string}"},"query-input":{"@type":"PropertyValueSpecification","valueRequired":true,"valueName":"search_term_string"}}],"inLanguage":"de"},{"@type":"Organization","@id":"https:\/\/horizonte-tours.com\/#organization","name":"Horizonte Tours","url":"https:\/\/horizonte-tours.com\/","logo":{"@type":"ImageObject","inLanguage":"de","@id":"https:\/\/horizonte-tours.com\/#\/schema\/logo\/image\/","url":"https:\/\/horizonte-tours.com\/wp-content\/uploads\/2021\/08\/logo_horizonte_tours_dark.png","contentUrl":"https:\/\/horizonte-tours.com\/wp-content\/uploads\/2021\/08\/logo_horizonte_tours_dark.png","width":771,"height":297,"caption":"Horizonte Tours"},"image":{"@id":"https:\/\/horizonte-tours.com\/#\/schema\/logo\/image\/"}}]}},"_links":{"self":[{"href":"https:\/\/horizonte-tours.com\/de\/wp-json\/wp\/v2\/pages\/9291","targetHints":{"allow":["GET"]}}],"collection":[{"href":"https:\/\/horizonte-tours.com\/de\/wp-json\/wp\/v2\/pages"}],"about":[{"href":"https:\/\/horizonte-tours.com\/de\/wp-json\/wp\/v2\/types\/page"}],"author":[{"embeddable":true,"href":"https:\/\/horizonte-tours.com\/de\/wp-json\/wp\/v2\/users\/1"}],"replies":[{"embeddable":true,"href":"https:\/\/horizonte-tours.com\/de\/wp-json\/wp\/v2\/comments?post=9291"}],"version-history":[{"count":0,"href":"https:\/\/horizonte-tours.com\/de\/wp-json\/wp\/v2\/pages\/9291\/revisions"}],"wp:attachment":[{"href":"https:\/\/horizonte-tours.com\/de\/wp-json\/wp\/v2\/media?parent=9291"}],"curies":[{"name":"wp","href":"https:\/\/api.w.org\/{rel}","templated":true}]}}