{"id":9289,"date":"2021-12-21T14:29:45","date_gmt":"2021-12-21T14:29:45","guid":{"rendered":"https:\/\/horizonte-tours.com\/?page_id=9289"},"modified":"2022-01-11T11:43:23","modified_gmt":"2022-01-11T11:43:23","slug":"privacy-policy","status":"publish","type":"page","link":"https:\/\/horizonte-tours.com\/de\/privacy-policy\/","title":{"rendered":"Datenschutzrichtlinien"},"content":{"rendered":"\t\t<div data-elementor-type=\"wp-page\" data-elementor-id=\"9289\" class=\"elementor elementor-9289\">\n\t\t\t\t        <section class=\"elementor-section elementor-top-section elementor-element elementor-element-64475f7 elementor-section-boxed elementor-section-height-default elementor-section-height-default ct-header-fixed-none ct-row-max-none\" data-id=\"64475f7\" data-element_type=\"section\" data-e-type=\"section\">\n            \n                        <div class=\"elementor-container elementor-column-gap-default \">\n                    <div class=\"elementor-column elementor-col-100 elementor-top-column elementor-element elementor-element-68cace1\" data-id=\"68cace1\" data-element_type=\"column\" data-e-type=\"column\">\n        <div class=\"elementor-widget-wrap elementor-element-populated\">\n                    \n        \r\n\t\t<div class=\"elementor-element elementor-element-b653a57 elementor-widget elementor-widget-text-editor\" data-id=\"b653a57\" data-element_type=\"widget\" data-e-type=\"widget\" data-widget_type=\"text-editor.default\">\n\t\t\t\t<div class=\"elementor-widget-container\">\n\t\t\t\t\t\t\t\t\t<p><span style=\"font-weight: 400;\">Cuando precisemos obtener informaci\u00f3n por su parte, siempre le solicitaremos que nos la proporcione voluntariamente de forma expresa los datos recabados a trav\u00e9s de los formularios de recogida de datos del sitio web u otras v\u00edas ser\u00e1n incorporados a un fichero de datos de car\u00e1cter personal debidamente inscrito en el Registro General de Protecci\u00f3n de Datos de la Agencia Espa\u00f1ola de Protecci\u00f3n de Datos, del cual es responsable Horizonte Tours, de ahora en adelante EL PROPIETARIO DE LA WEB. Esta entidad tratar\u00e1 los datos de forma confidencial y exclusivamente con la finalidad de ofrecer los servicios solicitados, con todas las garant\u00edas legales y de seguridad que impone la Ley Org\u00e1nica 15\/1999, de 13 de diciembre, de Protecci\u00f3n de Datos de Car\u00e1cter Personal, el Real Decreto 1720\/2007, de 21 de diciembre y la ley 34\/2002, de 11 de julio, de Servicios de la Sociedad de la Informaci\u00f3n y Comercio Electr\u00f3nico.<\/span><\/p><p><span style=\"font-weight: 400;\">EL PROPIETARIO DE LA WEB se compromete a no ceder, vender, ni compartir los datos con terceros sin su aprobaci\u00f3n expresa.<\/span><\/p><p><span style=\"font-weight: 400;\">Asimismo, EL PROPIETARIO DE LA WEB cancelar\u00e1 o rectificar\u00e1 los datos cuando resulten inexactos, incompletos o hayan dejado de ser necesarios o pertinentes para su finalidad, de conformidad con lo previsto en la Ley<\/span><\/p><p><span style=\"font-weight: 400;\">Org\u00e1nica 15\/1999, de 13 de diciembre, de Protecci\u00f3n de Datos de Car\u00e1cter Personal.<\/span><\/p><p><span style=\"font-weight: 400;\">EL PROPIETARIO DE LA WEB se compromete a NO REMITIR COMUNICACIONES COMERCIALES SIN IDENTIFICARLAS COMO TALES, conforme a lo dispuesto en la Ley 34\/2002 de Servicios de la Sociedad de la Informaci\u00f3n y de comercio electr\u00f3nico. A estos efectos no ser\u00e1 considerado como comunicaci\u00f3n comercial toda la informaci\u00f3n que se env\u00ede a los clientes de EL PROPIETARIO DE LA WEB, siempre que tenga por finalidad el mantenimiento de la relaci\u00f3n contractual existente entre cliente y EL PROPIETARIO DE LA WEB, as\u00ed como el desempe\u00f1o de las tareas de informaci\u00f3n, formaci\u00f3n y otras actividades propias del servicio que el cliente tiene contratado con la empresa.<\/span><\/p><p><span style=\"font-weight: 400;\">La negativa a facilitar los datos solicitados originar\u00e1 la imposibilidad de dar cumplimiento al servicio solicitado.<\/span><\/p><p><span style=\"font-weight: 400;\">La no oposici\u00f3n al tratamiento sobre el que se le ha informado anteriormente incluida la cesi\u00f3n de datos, supondr\u00e1 la prestaci\u00f3n de forma inequ\u00edvoca, voluntaria e informada de su consentimiento al mismo.<\/span><\/p><p><span style=\"font-weight: 400;\">En caso de que en la notificaci\u00f3n deban incluirse datos de car\u00e1cter personal, referentes a personas f\u00edsicas distintas de la que efect\u00faa la solicitud o del responsable del fichero, deber\u00e1, con car\u00e1cter previo a su inclusi\u00f3n, informarles de los extremos contenidos en el p\u00e1rrafo anterior.<\/span><\/p><p><span style=\"font-weight: 400;\">Asimismo, EL PROPIETARIO DE LA WEB cancelar\u00e1 o rectificar\u00e1 los datos cuando resulten inexactos, incompletos o hayan dejado de ser necesarios para su finalidad, de conformidad con lo previsto en la Ley Org\u00e1nica 15\/1999, de 13 de diciembre, de Protecci\u00f3n de Datos de Car\u00e1cter Personal.<\/span><\/p><p><span style=\"font-weight: 400;\">El usuario podr\u00e1 revocar el consentimiento prestado y ejercer los derechfos de acceso, rectificaci\u00f3n, cancelaci\u00f3n y oposici\u00f3n dirigi\u00e9ndose a tal efecto al domicilio social de EL PROPIETARIO DE LA WEB, sito en C\/Val\u00e8ncia, 277, Barcelona, identific\u00e1ndose debidamente e indicando de forma visible el concreto derecho que se ejerce.<\/span><\/p><p><span style=\"font-weight: 400;\">EL PROPIETARIO DE LA WEB adopta los niveles de seguridad correspondientes requeridos por la citada Ley Org\u00e1nica 15\/1999 y dem\u00e1s normativa aplicable. No obstante, no asume ninguna responsabilidad por los da\u00f1os y perjuicios derivados de alteraciones que terceros pueden causar en los sistemas inform\u00e1ticos, documentos electr\u00f3nicos o ficheros del usuario.<\/span><\/p><p><span style=\"font-weight: 400;\">EL PROPIETARIO DE LA WEB podr\u00e1 utilizar cookies durante la prestaci\u00f3n de servicios del sitio web. Las cookies son ficheros f\u00edsicos de informaci\u00f3n personal alojados en el propio terminal del usuario. El usuario tiene la posibilidad de configurar su programa navegador de manera que se impida la creaci\u00f3n de archivos cookie o se advierta de la misma.<\/span><\/p><p><span style=\"font-weight: 400;\">Si opta a abandonar nuestro sitio web a trav\u00e9s de enlaces a sitios web no pertenecientes a nuestra entidad, EL PROPIETARIO DE LA WEB no se har\u00e1 responsable de las pol\u00edticas de privacidad de dichos sitios web ni de las cookies que \u00e9stos puedan almacenar en el ordenador del usuario<\/span><\/p><p><span style=\"font-weight: 400;\">Nuestra pol\u00edtica con respecto al correo electr\u00f3nico se centra en remitir \u00fanicamente comunicaciones que usted haya solicitado recibir.<\/span><\/p><p><span style=\"font-weight: 400;\">Si prefiere no recibir estos mensajes por correo electr\u00f3nico le ofreceremos a trav\u00e9s de los mismos la posibilidad de ejercer su derecho de cancelaci\u00f3n y renuncia a la recepci\u00f3n de estos mensajes, en conformidad con lo dispuesto en el T\u00edtulo III, art\u00edculo 22 de la Ley 34\/2002 de Servicios para la Sociedad de la Informaci\u00f3n y de Comercio Electr\u00f3nico.<\/span><\/p>\t\t\t\t\t\t\t\t<\/div>\n\t\t\t\t<\/div>\n\t\t            <\/div>\n        <\/div>\n                    <\/div>\n        <\/section>\n        \t\t<\/div>\n\t\t","protected":false},"excerpt":{"rendered":"","protected":false},"author":1,"featured_media":0,"parent":0,"menu_order":0,"comment_status":"closed","ping_status":"closed","template":"","meta":{"footnotes":""},"class_list":["post-9289","page","type-page","status-publish","hentry"],"yoast_head":"<!-- This site is optimized with the Yoast SEO plugin v27.1.1 - https:\/\/yoast.com\/product\/yoast-seo-wordpress\/ -->\n<title>Datenschutzrichtlinien - Horizonte Tours<\/title>\n<meta name=\"robots\" content=\"index, follow, max-snippet:-1, max-image-preview:large, max-video-preview:-1\" \/>\n<link rel=\"canonical\" href=\"https:\/\/horizonte-tours.com\/de\/privacy-policy\/\" \/>\n<meta property=\"og:locale\" content=\"de_DE\" \/>\n<meta property=\"og:type\" content=\"article\" \/>\n<meta property=\"og:title\" content=\"Datenschutzrichtlinien - Horizonte Tours\" \/>\n<meta property=\"og:url\" content=\"https:\/\/horizonte-tours.com\/de\/privacy-policy\/\" \/>\n<meta property=\"og:site_name\" content=\"Horizonte Tours\" \/>\n<meta property=\"article:modified_time\" content=\"2022-01-11T11:43:23+00:00\" \/>\n<meta name=\"twitter:card\" content=\"summary_large_image\" \/>\n<script type=\"application\/ld+json\" class=\"yoast-schema-graph\">{\"@context\":\"https:\/\/schema.org\",\"@graph\":[{\"@type\":\"WebPage\",\"@id\":\"https:\/\/horizonte-tours.com\/de\/privacy-policy\/\",\"url\":\"https:\/\/horizonte-tours.com\/de\/privacy-policy\/\",\"name\":\"Datenschutzrichtlinien - Horizonte Tours\",\"isPartOf\":{\"@id\":\"https:\/\/horizonte-tours.com\/#website\"},\"datePublished\":\"2021-12-21T14:29:45+00:00\",\"dateModified\":\"2022-01-11T11:43:23+00:00\",\"breadcrumb\":{\"@id\":\"https:\/\/horizonte-tours.com\/de\/privacy-policy\/#breadcrumb\"},\"inLanguage\":\"de\",\"potentialAction\":[{\"@type\":\"ReadAction\",\"target\":[\"https:\/\/horizonte-tours.com\/de\/privacy-policy\/\"]}]},{\"@type\":\"BreadcrumbList\",\"@id\":\"https:\/\/horizonte-tours.com\/de\/privacy-policy\/#breadcrumb\",\"itemListElement\":[{\"@type\":\"ListItem\",\"position\":1,\"name\":\"Home\",\"item\":\"https:\/\/horizonte-tours.com\/de\/\"},{\"@type\":\"ListItem\",\"position\":2,\"name\":\"Datenschutzrichtlinien\"}]},{\"@type\":\"WebSite\",\"@id\":\"https:\/\/horizonte-tours.com\/#website\",\"url\":\"https:\/\/horizonte-tours.com\/\",\"name\":\"Horizonte Tours\",\"description\":\"\",\"publisher\":{\"@id\":\"https:\/\/horizonte-tours.com\/#organization\"},\"potentialAction\":[{\"@type\":\"SearchAction\",\"target\":{\"@type\":\"EntryPoint\",\"urlTemplate\":\"https:\/\/horizonte-tours.com\/?s={search_term_string}\"},\"query-input\":{\"@type\":\"PropertyValueSpecification\",\"valueRequired\":true,\"valueName\":\"search_term_string\"}}],\"inLanguage\":\"de\"},{\"@type\":\"Organization\",\"@id\":\"https:\/\/horizonte-tours.com\/#organization\",\"name\":\"Horizonte Tours\",\"url\":\"https:\/\/horizonte-tours.com\/\",\"logo\":{\"@type\":\"ImageObject\",\"inLanguage\":\"de\",\"@id\":\"https:\/\/horizonte-tours.com\/#\/schema\/logo\/image\/\",\"url\":\"https:\/\/horizonte-tours.com\/wp-content\/uploads\/2021\/08\/logo_horizonte_tours_dark.png\",\"contentUrl\":\"https:\/\/horizonte-tours.com\/wp-content\/uploads\/2021\/08\/logo_horizonte_tours_dark.png\",\"width\":771,\"height\":297,\"caption\":\"Horizonte Tours\"},\"image\":{\"@id\":\"https:\/\/horizonte-tours.com\/#\/schema\/logo\/image\/\"}}]}<\/script>\n<!-- \/ Yoast SEO plugin. -->","yoast_head_json":{"title":"Datenschutzrichtlinien - Horizonte Tours","robots":{"index":"index","follow":"follow","max-snippet":"max-snippet:-1","max-image-preview":"max-image-preview:large","max-video-preview":"max-video-preview:-1"},"canonical":"https:\/\/horizonte-tours.com\/de\/privacy-policy\/","og_locale":"de_DE","og_type":"article","og_title":"Datenschutzrichtlinien - Horizonte Tours","og_url":"https:\/\/horizonte-tours.com\/de\/privacy-policy\/","og_site_name":"Horizonte Tours","article_modified_time":"2022-01-11T11:43:23+00:00","twitter_card":"summary_large_image","schema":{"@context":"https:\/\/schema.org","@graph":[{"@type":"WebPage","@id":"https:\/\/horizonte-tours.com\/de\/privacy-policy\/","url":"https:\/\/horizonte-tours.com\/de\/privacy-policy\/","name":"Datenschutzrichtlinien - Horizonte Tours","isPartOf":{"@id":"https:\/\/horizonte-tours.com\/#website"},"datePublished":"2021-12-21T14:29:45+00:00","dateModified":"2022-01-11T11:43:23+00:00","breadcrumb":{"@id":"https:\/\/horizonte-tours.com\/de\/privacy-policy\/#breadcrumb"},"inLanguage":"de","potentialAction":[{"@type":"ReadAction","target":["https:\/\/horizonte-tours.com\/de\/privacy-policy\/"]}]},{"@type":"BreadcrumbList","@id":"https:\/\/horizonte-tours.com\/de\/privacy-policy\/#breadcrumb","itemListElement":[{"@type":"ListItem","position":1,"name":"Home","item":"https:\/\/horizonte-tours.com\/de\/"},{"@type":"ListItem","position":2,"name":"Datenschutzrichtlinien"}]},{"@type":"WebSite","@id":"https:\/\/horizonte-tours.com\/#website","url":"https:\/\/horizonte-tours.com\/","name":"Horizonte Tours","description":"","publisher":{"@id":"https:\/\/horizonte-tours.com\/#organization"},"potentialAction":[{"@type":"SearchAction","target":{"@type":"EntryPoint","urlTemplate":"https:\/\/horizonte-tours.com\/?s={search_term_string}"},"query-input":{"@type":"PropertyValueSpecification","valueRequired":true,"valueName":"search_term_string"}}],"inLanguage":"de"},{"@type":"Organization","@id":"https:\/\/horizonte-tours.com\/#organization","name":"Horizonte Tours","url":"https:\/\/horizonte-tours.com\/","logo":{"@type":"ImageObject","inLanguage":"de","@id":"https:\/\/horizonte-tours.com\/#\/schema\/logo\/image\/","url":"https:\/\/horizonte-tours.com\/wp-content\/uploads\/2021\/08\/logo_horizonte_tours_dark.png","contentUrl":"https:\/\/horizonte-tours.com\/wp-content\/uploads\/2021\/08\/logo_horizonte_tours_dark.png","width":771,"height":297,"caption":"Horizonte Tours"},"image":{"@id":"https:\/\/horizonte-tours.com\/#\/schema\/logo\/image\/"}}]}},"_links":{"self":[{"href":"https:\/\/horizonte-tours.com\/de\/wp-json\/wp\/v2\/pages\/9289","targetHints":{"allow":["GET"]}}],"collection":[{"href":"https:\/\/horizonte-tours.com\/de\/wp-json\/wp\/v2\/pages"}],"about":[{"href":"https:\/\/horizonte-tours.com\/de\/wp-json\/wp\/v2\/types\/page"}],"author":[{"embeddable":true,"href":"https:\/\/horizonte-tours.com\/de\/wp-json\/wp\/v2\/users\/1"}],"replies":[{"embeddable":true,"href":"https:\/\/horizonte-tours.com\/de\/wp-json\/wp\/v2\/comments?post=9289"}],"version-history":[{"count":0,"href":"https:\/\/horizonte-tours.com\/de\/wp-json\/wp\/v2\/pages\/9289\/revisions"}],"wp:attachment":[{"href":"https:\/\/horizonte-tours.com\/de\/wp-json\/wp\/v2\/media?parent=9289"}],"curies":[{"name":"wp","href":"https:\/\/api.w.org\/{rel}","templated":true}]}}